{"id":417,"date":"2022-03-25T14:55:33","date_gmt":"2022-03-25T14:55:33","guid":{"rendered":"https:\/\/startersites.io\/stagingeight\/?page_id=400"},"modified":"2025-03-30T16:55:56","modified_gmt":"2025-03-30T14:55:56","slug":"kontakt","status":"publish","type":"page","link":"https:\/\/sh-tv-channel.de\/shop\/kontakt\/","title":{"rendered":"Kontakt"},"content":{"rendered":"\n<div class=\"wp-block-stackable-spacer stk-block-spacer stk--no-padding stk-block stk-453ebc2\" data-block-id=\"453ebc2\"><\/div>\n\n\n\n<h2 class=\"wp-block-heading\">Kontakt<\/h2>\n\n\n\n<div class=\"wp-block-stackable-columns stk-block-columns stk-block stk-e8eb7ba\" data-block-id=\"e8eb7ba\"><div class=\"stk-row stk-inner-blocks stk-block-content stk-content-align stk-e8eb7ba-column\">\n<div class=\"wp-block-stackable-column stk-block-column stk-column stk-block stk-27ef77e\" data-v=\"4\" data-block-id=\"27ef77e\"><div class=\"stk-column-wrapper stk-block-column__content stk-container stk-27ef77e-container stk--no-background stk--no-padding\"><div class=\"stk-block-content stk-inner-blocks stk-27ef77e-inner-blocks\">\n<div class=\"wp-block-stackable-spacer stk-block-spacer stk--no-padding stk-block stk-ea6101a\" data-block-id=\"ea6101a\"><style>.stk-ea6101a {height:5px !important;}<\/style><\/div>\n\n\n\n<p>Wir w\u00fcrden uns freuen von Ihnen zu h\u00f6ren. <\/p>\n\n\n\n<p>Kontaktieren Sie uns , schicken Sie uns eine Nachricht.<br>Wir melden uns schnellstm\u00f6glich bei Ihnen zur\u00fcck.<\/p>\n\n\n\n<p>Ihr Team.<br><\/p>\n\n\n<div class=\"ct-block-wrapper\">\n\n<h3 class=\"wp-block-heading has-medium-font-size\">Kontaktinformation<\/h3>\n\n\n<div class=\"ct-contact-info-block \" style=\"--theme-icon-size:20px;--items-direction:column;--background-color:rgba(218, 222, 228, 0.5);--background-hover-color:rgba(218, 222, 228, 0.7);\">\n\t\t<ul data-icons-type=\"rounded:outline\">\n\t\t\t\t\t\t\t\t\t\t\t<li class=\"\">\n\t\t\t\t\t<span class=\"ct-icon-container\"><svg width=\"18\" height=\"18\" viewBox=\"0 0 20 20\" aria-hidden=\"true\"><path d=\"M10,0C6.1,0,3,3.1,3,7c0,4.5,6,11.8,6.2,12.1L10,20l0.8-0.9C11,18.8,17,11.5,17,7C17,3.1,13.9,0,10,0z M10,2c2.8,0,5,2.2,5,5c0,2.7-3.1,7.4-5,9.8C8.1,14.4,5,9.7,5,7C5,4.2,7.2,2,10,2zM10,4.5C8.6,4.5,7.5,5.6,7.5,7S8.6,9.5,10,9.5s2.5-1.1,2.5-2.5S11.4,4.5,10,4.5z\"\/><\/svg><\/span>\n\t\t\t\t\t\t\t\t\t\t\t<div class=\"contact-info\">\n\t\t\t\t\t\t\t\t\t\t\t\t\t\t\t<span class=\"contact-title\">\n\t\t\t\t\t\t\t\t\tAdresse:\t\t\t\t\t\t\t\t<\/span>\n\t\t\t\t\t\t\t\n\t\t\t\t\t\t\t\t\t\t\t\t\t\t\t<span class=\"contact-text\">\n\t\t\t\t\t\t\t\t\t\n\t\t\t\t\t\t\t\t\tD\u00f6rnerstr. 2, 54421 Reinsfeld\n\t\t\t\t\t\t\t\t\t\t\t\t\t\t\t\t\t<\/span>\n\t\t\t\t\t\t\t\t\t\t\t\t\t<\/div>\n\t\t\t\t\t\t\t\t\t<\/li>\n\t\t\t\t\t\t\t\t\t\t\t<li class=\"\">\n\t\t\t\t\t<span class=\"ct-icon-container\"><svg width=\"18\" height=\"18\" viewBox=\"0 0 20 20\" aria-hidden=\"true\"><path d=\"M13.5,20H6.5c-1.6,0-2.9-1.3-2.9-2.9V2.9C3.5,1.3,4.8,0,6.5,0h7.1c1.6,0,2.9,1.3,2.9,2.9v14.1C16.5,18.7,15.2,20,13.5,20zM6.7,1.7C5.8,1.7,5,2.5,5,3.4v13.2c0,0.9,0.7,1.7,1.7,1.7h6.6c0.9,0,1.7-0.7,1.7-1.7V3.4c0-0.9-0.7-1.7-1.7-1.7H6.7z\"\/><path d=\"M11.2,4.4H8.8c-0.3,0-0.6-0.3-0.6-0.6s0.3-0.6,0.6-0.6h2.4c0.3,0,0.6,0.3,0.6,0.6S11.5,4.4,11.2,4.4z\"\/><circle cx=\"10\" cy=\"15.7\" r=\"1.2\"\/><\/svg><\/span>\n\t\t\t\t\t\t\t\t\t\t\t<div class=\"contact-info\">\n\t\t\t\t\t\t\t\t\t\t\t\t\t\t\t<span class=\"contact-title\">\n\t\t\t\t\t\t\t\t\tHandy:\t\t\t\t\t\t\t\t<\/span>\n\t\t\t\t\t\t\t\n\t\t\t\t\t\t\t\t\t\t\t\t\t\t\t<span class=\"contact-text\">\n\t\t\t\t\t\t\t\t\t\t\t\t\t\t\t\t\t\t\t<a href=\"tel:578-393-4937\" >\n\t\t\t\t\t\t\t\t\t\n\t\t\t\t\t\t\t\t\t0152 0199 5485\n\t\t\t\t\t\t\t\t\t\t\t\t\t\t\t\t\t\t\t<\/a>\n\t\t\t\t\t\t\t\t\t\t\t\t\t\t\t\t\t<\/span>\n\t\t\t\t\t\t\t\t\t\t\t\t\t<\/div>\n\t\t\t\t\t\t\t\t\t<\/li>\n\t\t\t\t\t<\/ul>\n\n\t\t<\/div>\n<\/div><\/div><\/div><\/div>\n\n\n\n<div class=\"wp-block-stackable-column stk-block-column stk-column stk-block stk-5ac0e32\" data-v=\"4\" data-block-id=\"5ac0e32\"><div class=\"stk-column-wrapper stk-block-column__content stk-container stk-5ac0e32-container stk--no-background stk--no-padding\"><div class=\"stk-block-content stk-inner-blocks stk-5ac0e32-inner-blocks\"><div class=\"wpforms-container wpforms-block wpforms-block-e2f26a9a-71fb-4806-929c-eff2125b9c7e wpforms-render-modern\" id=\"wpforms-239\"><form id=\"wpforms-form-239\" class=\"wpforms-validate wpforms-form\" data-formid=\"239\" method=\"post\" enctype=\"multipart\/form-data\" action=\"\/shop\/wp-json\/wp\/v2\/pages\/417\" data-token=\"59e1738c9c94776636484e14a33364fb\" data-token-time=\"1775863502\"><noscript class=\"wpforms-error-noscript\">Bitte aktiviere JavaScript in deinem Browser, um dieses Formular fertigzustellen.<\/noscript><div id=\"wpforms-error-noscript\" style=\"display: none;\">Bitte aktiviere JavaScript in deinem Browser, um dieses Formular fertigzustellen.<\/div><div class=\"wpforms-field-container\"><div id=\"wpforms-239-field_0-container\" class=\"wpforms-field wpforms-field-name\" data-field-id=\"0\"><label class=\"wpforms-field-label\" for=\"wpforms-239-field_0\">Full Name <span class=\"wpforms-required-label\" aria-hidden=\"true\">*<\/span><\/label><input type=\"text\" id=\"wpforms-239-field_0\" class=\"wpforms-field-large wpforms-field-required\" name=\"wpforms[fields][0]\" aria-errormessage=\"wpforms-239-field_0-error\" required><\/div><div id=\"wpforms-239-field_1-container\" class=\"wpforms-field wpforms-field-email\" data-field-id=\"1\"><label class=\"wpforms-field-label\" for=\"wpforms-239-field_1\">Email Address <span class=\"wpforms-required-label\" aria-hidden=\"true\">*<\/span><\/label><input type=\"email\" id=\"wpforms-239-field_1\" class=\"wpforms-field-large wpforms-field-required\" name=\"wpforms[fields][1]\" spellcheck=\"false\" aria-errormessage=\"wpforms-239-field_1-error\" required><\/div><div id=\"wpforms-239-field_3-container\" class=\"wpforms-field wpforms-field-text\" data-field-id=\"3\"><label class=\"wpforms-field-label\" for=\"wpforms-239-field_3\">Subject<\/label><input type=\"text\" id=\"wpforms-239-field_3\" class=\"wpforms-field-large\" name=\"wpforms[fields][3]\" aria-errormessage=\"wpforms-239-field_3-error\" ><\/div><div id=\"wpforms-239-field_2-container\" class=\"wpforms-field wpforms-field-textarea\" data-field-id=\"2\"><label class=\"wpforms-field-label\" for=\"wpforms-239-field_2\">Message <span class=\"wpforms-required-label\" aria-hidden=\"true\">*<\/span><\/label><textarea id=\"wpforms-239-field_2\" class=\"wpforms-field-medium wpforms-field-required\" name=\"wpforms[fields][2]\" aria-errormessage=\"wpforms-239-field_2-error\" required><\/textarea><\/div><\/div><!-- .wpforms-field-container --><div class=\"wpforms-submit-container\" ><input type=\"hidden\" name=\"wpforms[id]\" value=\"239\"><input type=\"hidden\" name=\"page_title\" value=\"\"><input type=\"hidden\" name=\"page_url\" value=\"https:\/\/sh-tv-channel.de\/shop\/wp-json\/wp\/v2\/pages\/417\"><input type=\"hidden\" name=\"url_referer\" value=\"\"><button type=\"submit\" name=\"wpforms[submit]\" id=\"wpforms-submit-239\" class=\"wpforms-submit\" data-alt-text=\"Sende .....\" data-submit-text=\"Sende Nachricht\" aria-live=\"assertive\" value=\"wpforms-submit\">Sende Nachricht<\/button><\/div><\/form><\/div>  <!-- .wpforms-container --><\/div><\/div><\/div>\n<\/div><\/div>\n\n\n\n<h2 class=\"wp-block-heading\">Umgebungskarte<\/h2>\n\n\n\n<div class=\"wp-block-stackable-map stk-block-map stk-block stk-7f3d66c\" data-block-id=\"7f3d66c\"><iframe\n\t\t\t\t\t\ttitle=\"Embedded content from Google Maps Platform.\"\n\t\t\t\t\t\tsrc=\"https:\/\/maps.google.com\/maps?q=D\u00f6rnerstr. 2, 54421 Reinsfeld&#038;t=&#038;z=17&#038;ie=UTF8&#038;output=embed\"\n\t\t\t\t\t\tstyle=\"border:0;width:100%;max-width:none;max-height:none;height:100%;\"\n\t\t\t\t\t\taria-hidden=\"false\"\n\t\t\t\t\t\ttabIndex=\"0\"\n\t\t\t\t\t\tallowfullscreen\n\t\t\t\t\t\tloading=\"lazy\"\n\t\t\t\t\t\tframeBorder=\"0\"\n\t\t\t\t\t><\/iframe><\/div>\n","protected":false},"excerpt":{"rendered":"<p>Kontakt Wir w\u00fcrden uns freuen von Ihnen zu h\u00f6ren. Kontaktieren Sie uns , schicken Sie uns eine Nachricht.Wir melden uns schnellstm\u00f6glich bei Ihnen zur\u00fcck. Ihr Team. Umgebungskarte<\/p>\n","protected":false},"author":1,"featured_media":0,"parent":0,"menu_order":0,"comment_status":"closed","ping_status":"closed","template":"","meta":{"footnotes":""},"class_list":["post-417","page","type-page","status-publish","hentry"],"blocksy_meta":{"page_title_panel":"","has_hero_section":"disabled","0d250a00a8566f2f0313098d85f6944a":"","hero_section":"type-1","hero_elements":[{"id":"custom_title","enabled":true,"heading_tag":"h1","title":"Home"},{"id":"custom_description","enabled":true,"description_visibility":{"desktop":true,"tablet":true,"mobile":false}},{"id":"custom_meta","enabled":false,"meta_elements":[{"id":"author","enabled":true,"label":"By","has_author_avatar":"yes","avatar_size":25},{"id":"post_date","enabled":true,"label":"On","date_format_source":"default","date_format":"M j, Y"},{"id":"updated_date","enabled":false,"label":"On","date_format_source":"default","date_format":"M j, Y"},{"id":"categories","enabled":false,"label":"In","style":"simple"},{"id":"comments","enabled":true}],"page_meta_elements":{"joined":true,"articles_count":true,"comments":true}},{"id":"breadcrumbs","enabled":false}],"f1f885b9fe5879dade9e3b1017d64683":"","hero_alignment1":"CT_CSS_SKIP_RULE","hero_margin":40,"hero_alignment2":"center","hero_vertical_alignment":"center","b42f76bf5bc1f37939804e5d7aafb3cb":"","hero_structure":"narrow","e3971675bfd0707400b940a7a609741d":"","page_title_bg_type":"featured_image","custom_hero_background":{"attachment_id":null},"page_title_image_size":"full","parallax":{"desktop":false,"tablet":false,"mobile":false},"93aa90cd66038d66e8722e914f70d99e":"","hero_height":"250px","pageTitleFont":{"family":"Default","variation":"Default","size":"30px","line-height":"CT_CSS_SKIP_RULE","letter-spacing":"CT_CSS_SKIP_RULE","text-transform":"CT_CSS_SKIP_RULE","text-decoration":"CT_CSS_SKIP_RULE"},"pageTitleFontColor":{"default":{"color":"CT_CSS_SKIP_RULEDEFAULT"}},"pageMetaFont":{"family":"Default","variation":"n6","size":"12px","line-height":"1.3","letter-spacing":"CT_CSS_SKIP_RULE","text-transform":"uppercase","text-decoration":"CT_CSS_SKIP_RULE"},"pageMetaFontColor":{"default":{"color":"CT_CSS_SKIP_RULEDEFAULT"},"hover":{"color":"CT_CSS_SKIP_RULEDEFAULT"}},"page_meta_button_type_font_colors":{"default":{"color":"CT_CSS_SKIP_RULEDEFAULT"},"hover":{"color":"CT_CSS_SKIP_RULEDEFAULT"}},"page_meta_button_type_background_colors":{"default":{"color":"CT_CSS_SKIP_RULEDEFAULT"},"hover":{"color":"CT_CSS_SKIP_RULEDEFAULT"}},"pageExcerptFont":{"family":"Default","variation":"Default","size":"CT_CSS_SKIP_RULE","line-height":"CT_CSS_SKIP_RULE","letter-spacing":"CT_CSS_SKIP_RULE","text-transform":"CT_CSS_SKIP_RULE","text-decoration":"CT_CSS_SKIP_RULE"},"pageExcerptColor":{"default":{"color":"CT_CSS_SKIP_RULEDEFAULT"}},"breadcrumbsFont":{"family":"Default","variation":"Default","size":"CT_CSS_SKIP_RULE","line-height":"CT_CSS_SKIP_RULE","letter-spacing":"CT_CSS_SKIP_RULE","text-transform":"CT_CSS_SKIP_RULE","text-decoration":"CT_CSS_SKIP_RULE"},"breadcrumbsFontColor":{"default":{"color":"CT_CSS_SKIP_RULEDEFAULT"},"initial":{"color":"CT_CSS_SKIP_RULEDEFAULT"},"hover":{"color":"CT_CSS_SKIP_RULEDEFAULT"}},"pageTitleOverlay":{"background_type":"color","background_pattern":"type-1","background_image":{"attachment_id":null,"x":0,"y":0},"gradient":"linear-gradient(135deg,rgba(6,147,227,1) 0%,rgb(155,81,224) 100%)","background_repeat":"repeat","background_size":"auto","background_attachment":"scroll","patternColor":{"default":{"color":"#e5e7ea"}},"overlayColor":{"default":{"color":"CT_CSS_SKIP_RULE"}},"backgroundColor":{"default":{"color":"CT_CSS_SKIP_RULE"}}},"pageTitleBackground":{"background_type":"color","background_pattern":"type-1","background_image":{"attachment_id":null,"x":0,"y":0},"gradient":"linear-gradient(135deg,rgba(6,147,227,1) 0%,rgb(155,81,224) 100%)","background_repeat":"repeat","background_size":"auto","background_attachment":"scroll","patternColor":{"default":{"color":"#e5e7ea"}},"overlayColor":{"default":{"color":"CT_CSS_SKIP_RULE"}},"backgroundColor":{"default":{"color":"var(--theme-palette-color-6)"}}},"pageTitlePadding":{"top":"50px","bottom":"50px","left":"auto","right":"auto","linked":true},"1974eaa6e869509a19e5dd9e845e3134":"","page_structure_type":"default","9a705e5e3bd57b58359b397631e410db":"","content_style_source":"inherit","content_style":"wide","vertical_spacing_source":"custom","content_area_spacing":"none","background":{"background_type":"color","background_pattern":"type-1","background_image":{"attachment_id":null,"x":0,"y":0},"gradient":"linear-gradient(135deg,rgba(6,147,227,1) 0%,rgb(155,81,224) 100%)","background_repeat":"repeat","background_size":"auto","background_attachment":"scroll","patternColor":{"default":{"color":"#e5e7ea"}},"overlayColor":{"default":{"color":"CT_CSS_SKIP_RULE"}},"backgroundColor":{"default":{"color":"CT_CSS_SKIP_RULE"}}},"content_background":{"background_type":"color","background_pattern":"type-1","background_image":{"attachment_id":null,"x":0,"y":0},"gradient":"linear-gradient(135deg,rgba(6,147,227,1) 0%,rgb(155,81,224) 100%)","background_repeat":"repeat","background_size":"auto","background_attachment":"scroll","patternColor":{"default":{"color":"#e5e7ea"}},"overlayColor":{"default":{"color":"CT_CSS_SKIP_RULE"}},"backgroundColor":{"default":{"color":"var(--theme-palette-color-8)"}}},"content_boxed_shadow":{"inherit":false,"blur":18,"spread":-6,"v_offset":12,"h_offset":0,"inset":false,"enable":true,"color":{"color":"rgba(34, 56, 101, 0.04)"}},"boxed_content_spacing":{"desktop":{"top":"40px","bottom":"40px","left":"40px","right":"40px","linked":true},"tablet":{"top":"35px","bottom":"35px","left":"35px","right":"35px","linked":true},"mobile":{"top":"20px","bottom":"20px","left":"20px","right":"20px","linked":true}},"content_boxed_radius":{"top":"3px","bottom":"3px","left":"3px","right":"3px","linked":true},"0e395ffd9c465e46428e68c54f8b4d79":"","disable_featured_image":"no","disable_share_box":"no","disable_header":"no","disable_footer":"no","styles_descriptor":{"styles":{"desktop":"","tablet":"","mobile":""},"google_fonts":[],"version":6}},"yoast_head":"<!-- This site is optimized with the Yoast SEO plugin v27.3 - https:\/\/yoast.com\/product\/yoast-seo-wordpress\/ -->\n<title>Kontakt - Produkte<\/title>\n<meta name=\"description\" content=\"Eine Seite f\u00fcr das Kontakt Formular, Umgebungskarte und anderen diversen Informationen\" \/>\n<meta name=\"robots\" content=\"index, follow, max-snippet:-1, max-image-preview:large, max-video-preview:-1\" \/>\n<link rel=\"canonical\" href=\"https:\/\/sh-tv-channel.de\/shop\/kontakt\/\" \/>\n<meta property=\"og:locale\" content=\"de_DE\" \/>\n<meta property=\"og:type\" content=\"article\" \/>\n<meta property=\"og:title\" content=\"Kontakt - Produkte\" \/>\n<meta property=\"og:description\" content=\"Eine Seite f\u00fcr das Kontakt Formular, Umgebungskarte und anderen diversen Informationen\" \/>\n<meta property=\"og:url\" content=\"https:\/\/sh-tv-channel.de\/shop\/kontakt\/\" \/>\n<meta property=\"og:site_name\" content=\"Produkte\" \/>\n<meta property=\"article:modified_time\" content=\"2025-03-30T14:55:56+00:00\" \/>\n<meta name=\"twitter:card\" content=\"summary_large_image\" \/>\n<meta name=\"twitter:label1\" content=\"Gesch\u00e4tzte Lesezeit\" \/>\n\t<meta name=\"twitter:data1\" content=\"1\u00a0Minute\" \/>\n<script type=\"application\/ld+json\" class=\"yoast-schema-graph\">{\"@context\":\"https:\\\/\\\/schema.org\",\"@graph\":[{\"@type\":\"WebPage\",\"@id\":\"https:\\\/\\\/sh-tv-channel.de\\\/shop\\\/kontakt\\\/\",\"url\":\"https:\\\/\\\/sh-tv-channel.de\\\/shop\\\/kontakt\\\/\",\"name\":\"Kontakt - Produkte\",\"isPartOf\":{\"@id\":\"http:\\\/\\\/sh-tv-channel.de\\\/shop\\\/#website\"},\"datePublished\":\"2022-03-25T14:55:33+00:00\",\"dateModified\":\"2025-03-30T14:55:56+00:00\",\"description\":\"Eine Seite f\u00fcr das Kontakt Formular, Umgebungskarte und anderen diversen Informationen\",\"breadcrumb\":{\"@id\":\"https:\\\/\\\/sh-tv-channel.de\\\/shop\\\/kontakt\\\/#breadcrumb\"},\"inLanguage\":\"de\",\"potentialAction\":[{\"@type\":\"ReadAction\",\"target\":[\"https:\\\/\\\/sh-tv-channel.de\\\/shop\\\/kontakt\\\/\"]}]},{\"@type\":\"BreadcrumbList\",\"@id\":\"https:\\\/\\\/sh-tv-channel.de\\\/shop\\\/kontakt\\\/#breadcrumb\",\"itemListElement\":[{\"@type\":\"ListItem\",\"position\":1,\"name\":\"Startseite\",\"item\":\"http:\\\/\\\/sh-tv-channel.de\\\/shop\\\/\"},{\"@type\":\"ListItem\",\"position\":2,\"name\":\"Kontakt\"}]},{\"@type\":\"WebSite\",\"@id\":\"http:\\\/\\\/sh-tv-channel.de\\\/shop\\\/#website\",\"url\":\"http:\\\/\\\/sh-tv-channel.de\\\/shop\\\/\",\"name\":\"Produkte\",\"description\":\"Produkte \\\/ Reviews\\\/ Technik\",\"publisher\":{\"@id\":\"http:\\\/\\\/sh-tv-channel.de\\\/shop\\\/#organization\"},\"potentialAction\":[{\"@type\":\"SearchAction\",\"target\":{\"@type\":\"EntryPoint\",\"urlTemplate\":\"http:\\\/\\\/sh-tv-channel.de\\\/shop\\\/?s={search_term_string}\"},\"query-input\":{\"@type\":\"PropertyValueSpecification\",\"valueRequired\":true,\"valueName\":\"search_term_string\"}}],\"inLanguage\":\"de\"},{\"@type\":\"Organization\",\"@id\":\"http:\\\/\\\/sh-tv-channel.de\\\/shop\\\/#organization\",\"name\":\"Produkte\",\"url\":\"http:\\\/\\\/sh-tv-channel.de\\\/shop\\\/\",\"logo\":{\"@type\":\"ImageObject\",\"inLanguage\":\"de\",\"@id\":\"http:\\\/\\\/sh-tv-channel.de\\\/shop\\\/#\\\/schema\\\/logo\\\/image\\\/\",\"url\":\"https:\\\/\\\/sh-tv-channel.de\\\/shop\\\/wp-content\\\/uploads\\\/sites\\\/3\\\/2025\\\/02\\\/Logo-SH-TV-Channel.png\",\"contentUrl\":\"https:\\\/\\\/sh-tv-channel.de\\\/shop\\\/wp-content\\\/uploads\\\/sites\\\/3\\\/2025\\\/02\\\/Logo-SH-TV-Channel.png\",\"width\":500,\"height\":500,\"caption\":\"Produkte\"},\"image\":{\"@id\":\"http:\\\/\\\/sh-tv-channel.de\\\/shop\\\/#\\\/schema\\\/logo\\\/image\\\/\"}}]}<\/script>\n<!-- \/ Yoast SEO plugin. -->","yoast_head_json":{"title":"Kontakt - Produkte","description":"Eine Seite f\u00fcr das Kontakt Formular, Umgebungskarte und anderen diversen Informationen","robots":{"index":"index","follow":"follow","max-snippet":"max-snippet:-1","max-image-preview":"max-image-preview:large","max-video-preview":"max-video-preview:-1"},"canonical":"https:\/\/sh-tv-channel.de\/shop\/kontakt\/","og_locale":"de_DE","og_type":"article","og_title":"Kontakt - Produkte","og_description":"Eine Seite f\u00fcr das Kontakt Formular, Umgebungskarte und anderen diversen Informationen","og_url":"https:\/\/sh-tv-channel.de\/shop\/kontakt\/","og_site_name":"Produkte","article_modified_time":"2025-03-30T14:55:56+00:00","twitter_card":"summary_large_image","twitter_misc":{"Gesch\u00e4tzte Lesezeit":"1\u00a0Minute"},"schema":{"@context":"https:\/\/schema.org","@graph":[{"@type":"WebPage","@id":"https:\/\/sh-tv-channel.de\/shop\/kontakt\/","url":"https:\/\/sh-tv-channel.de\/shop\/kontakt\/","name":"Kontakt - Produkte","isPartOf":{"@id":"http:\/\/sh-tv-channel.de\/shop\/#website"},"datePublished":"2022-03-25T14:55:33+00:00","dateModified":"2025-03-30T14:55:56+00:00","description":"Eine Seite f\u00fcr das Kontakt Formular, Umgebungskarte und anderen diversen Informationen","breadcrumb":{"@id":"https:\/\/sh-tv-channel.de\/shop\/kontakt\/#breadcrumb"},"inLanguage":"de","potentialAction":[{"@type":"ReadAction","target":["https:\/\/sh-tv-channel.de\/shop\/kontakt\/"]}]},{"@type":"BreadcrumbList","@id":"https:\/\/sh-tv-channel.de\/shop\/kontakt\/#breadcrumb","itemListElement":[{"@type":"ListItem","position":1,"name":"Startseite","item":"http:\/\/sh-tv-channel.de\/shop\/"},{"@type":"ListItem","position":2,"name":"Kontakt"}]},{"@type":"WebSite","@id":"http:\/\/sh-tv-channel.de\/shop\/#website","url":"http:\/\/sh-tv-channel.de\/shop\/","name":"Produkte","description":"Produkte \/ Reviews\/ Technik","publisher":{"@id":"http:\/\/sh-tv-channel.de\/shop\/#organization"},"potentialAction":[{"@type":"SearchAction","target":{"@type":"EntryPoint","urlTemplate":"http:\/\/sh-tv-channel.de\/shop\/?s={search_term_string}"},"query-input":{"@type":"PropertyValueSpecification","valueRequired":true,"valueName":"search_term_string"}}],"inLanguage":"de"},{"@type":"Organization","@id":"http:\/\/sh-tv-channel.de\/shop\/#organization","name":"Produkte","url":"http:\/\/sh-tv-channel.de\/shop\/","logo":{"@type":"ImageObject","inLanguage":"de","@id":"http:\/\/sh-tv-channel.de\/shop\/#\/schema\/logo\/image\/","url":"https:\/\/sh-tv-channel.de\/shop\/wp-content\/uploads\/sites\/3\/2025\/02\/Logo-SH-TV-Channel.png","contentUrl":"https:\/\/sh-tv-channel.de\/shop\/wp-content\/uploads\/sites\/3\/2025\/02\/Logo-SH-TV-Channel.png","width":500,"height":500,"caption":"Produkte"},"image":{"@id":"http:\/\/sh-tv-channel.de\/shop\/#\/schema\/logo\/image\/"}}]}},"_links":{"self":[{"href":"https:\/\/sh-tv-channel.de\/shop\/wp-json\/wp\/v2\/pages\/417","targetHints":{"allow":["GET"]}}],"collection":[{"href":"https:\/\/sh-tv-channel.de\/shop\/wp-json\/wp\/v2\/pages"}],"about":[{"href":"https:\/\/sh-tv-channel.de\/shop\/wp-json\/wp\/v2\/types\/page"}],"author":[{"embeddable":true,"href":"https:\/\/sh-tv-channel.de\/shop\/wp-json\/wp\/v2\/users\/1"}],"replies":[{"embeddable":true,"href":"https:\/\/sh-tv-channel.de\/shop\/wp-json\/wp\/v2\/comments?post=417"}],"version-history":[{"count":32,"href":"https:\/\/sh-tv-channel.de\/shop\/wp-json\/wp\/v2\/pages\/417\/revisions"}],"predecessor-version":[{"id":689,"href":"https:\/\/sh-tv-channel.de\/shop\/wp-json\/wp\/v2\/pages\/417\/revisions\/689"}],"wp:attachment":[{"href":"https:\/\/sh-tv-channel.de\/shop\/wp-json\/wp\/v2\/media?parent=417"}],"curies":[{"name":"wp","href":"https:\/\/api.w.org\/{rel}","templated":true}]}}