{"id":418,"date":"2022-03-25T14:55:42","date_gmt":"2022-03-25T14:55:42","guid":{"rendered":"https:\/\/startersites.io\/stagingeight\/?page_id=402"},"modified":"2025-04-26T20:48:56","modified_gmt":"2025-04-26T18:48:56","slug":"produkt-reviews-und-mehr","status":"publish","type":"page","link":"https:\/\/sh-tv-channel.de\/shop\/","title":{"rendered":"Home"},"content":{"rendered":"\n<div class=\"wp-block-stackable-spacer stk-block-spacer stk--no-padding stk-block stk-6cc57eb\" data-block-id=\"6cc57eb\"><style>.stk-6cc57eb {height:50px !important;}<\/style><\/div>\n\n\n\n<h2 class=\"wp-block-heading\">S&amp;H TV Channel Produkte (Partner im Amazon Partner NET)<\/h2>\n\n\n\n<div class=\"wp-block-stackable-spacer stk-block-spacer stk--no-padding stk-block stk-bada078\" data-block-id=\"bada078\"><style>.stk-bada078 {height:50px !important;}@media screen and (max-width:999px){.stk-bada078 {height:80px !important;}}@media screen and (max-width:689px){.stk-bada078 {height:60px !important;}}<\/style><\/div>\n\n\n\n<figure class=\"wp-block-image\"><img fetchpriority=\"high\" decoding=\"async\" width=\"2560\" height=\"828\" src=\"http:\/\/sh-tv-channel.de\/shop\/wp-content\/uploads\/sites\/3\/2021\/01\/reviews-hero-scaled-1.jpg\" alt=\"\" class=\"wp-image-298\" srcset=\"https:\/\/sh-tv-channel.de\/shop\/wp-content\/uploads\/sites\/3\/2021\/01\/reviews-hero-scaled-1.jpg 2560w, https:\/\/sh-tv-channel.de\/shop\/wp-content\/uploads\/sites\/3\/2021\/01\/reviews-hero-scaled-1-300x97.jpg 300w, https:\/\/sh-tv-channel.de\/shop\/wp-content\/uploads\/sites\/3\/2021\/01\/reviews-hero-scaled-1-1024x331.jpg 1024w, https:\/\/sh-tv-channel.de\/shop\/wp-content\/uploads\/sites\/3\/2021\/01\/reviews-hero-scaled-1-768x248.jpg 768w, https:\/\/sh-tv-channel.de\/shop\/wp-content\/uploads\/sites\/3\/2021\/01\/reviews-hero-scaled-1-1536x497.jpg 1536w, https:\/\/sh-tv-channel.de\/shop\/wp-content\/uploads\/sites\/3\/2021\/01\/reviews-hero-scaled-1-2048x662.jpg 2048w\" sizes=\"(max-width: 2560px) 100vw, 2560px\" \/><\/figure>\n\n\n\n<hr class=\"wp-block-separator has-alpha-channel-opacity\"\/>\n\n\n\n<h2 class=\"wp-block-heading\">Wer sind wir<\/h2>\n\n\n\n<p>Nun  auf dieser Ebene sind wir eine Seite die verschiedene Produkte teste und dann zum Kauf empfiehlt. Ja. Jetzt werdet ihr  fragen zu wem wir euch schicken. Nun die Frage ist berechtigt und in unserem Fall recht einfach beantwortet. Da wir im <strong><a href=\"https:\/\/sh-tv-channel.de\/shop\/affiliate-disclosure\/\">Amazon Partner NET<\/a><\/strong> Mitglied sind schicken wir euch nat\u00fcrlich zu <strong><a href=\"https:\/\/www.amazon.de\" target=\"_blank\" rel=\"noreferrer noopener nofollow\">Amazon<\/a><\/strong>. Zus\u00e4tzlich sind alle Kaufbuttons mit einem Texthinweis auf Amazon versehen wenn ihr zu Amazon geroutet werdet. Ich hoffe ihr habe Spa\u00df an den Beitr\u00e4gen und ringt euch auch mal zu einem Kauf durch, schlie\u00dflich macht das Erstellen von Seiten und Artikeln selbstverst\u00e4ndlich Arbeit.<\/p>\n\n\n\n<h1 class=\"wp-block-heading\">Was gibt es neues<\/h1>\n\n\n\n<div class=\"wp-block-stackable-text stk-block-text stk-block stk-0f953bf\" data-block-id=\"0f953bf\"><style>.stk-0f953bf {max-width:630px !important;min-width:auto !important;margin-right:auto !important;margin-bottom:50px !important;margin-left:auto !important;}<\/style><p class=\"stk-block-text__text has-text-align-center\"><\/p><\/div>\n\n\n<div class=\"ct-posts-shortcode\" data-prefix=\"blc-product-review_archive\"><div class=\"entries\" data-archive=\"default\" data-layout=\"grid\" data-cards=\"boxed\"><article class=\"entry-card card-content post-616 blc-product-review type-blc-product-review status-publish has-post-thumbnail hentry blc-product-review-categories-harddrives blc-product-review-categories-tech\" data-reveal=\"bottom:no\"><a class=\"ct-media-container boundless-image\" href=\"https:\/\/sh-tv-channel.de\/shop\/product-review\/seagate-ironwolf-4tb-bewertung\/\" aria-label=\"IronWolf 4TB\"><img loading=\"lazy\" decoding=\"async\" width=\"682\" height=\"1000\" src=\"https:\/\/sh-tv-channel.de\/shop\/wp-content\/uploads\/sites\/3\/2025\/03\/Seagate-IronWolf-4TB.jpg\" class=\"attachment-medium_large size-medium_large wp-post-image\" alt=\"Seagate-IroWolf-4TB\" loading=\"lazy\" srcset=\"https:\/\/sh-tv-channel.de\/shop\/wp-content\/uploads\/sites\/3\/2025\/03\/Seagate-IronWolf-4TB.jpg 682w, https:\/\/sh-tv-channel.de\/shop\/wp-content\/uploads\/sites\/3\/2025\/03\/Seagate-IronWolf-4TB-205x300.jpg 205w\" sizes=\"auto, (max-width: 682px) 100vw, 682px\" itemprop=\"image\" style=\"aspect-ratio: 1\/1;\" \/><\/a><div class=\"ct-overall-score-layer\"><span class=\"ct-score-label\">Bewertung: <\/span><span class=\"ct-average-score\">4.9\/5<\/span><div class=\"star-rating\" role=\"img\"><span style=\"width: 98%;\"><\/span><\/div><\/div><h2 class=\"entry-title\"><a href=\"https:\/\/sh-tv-channel.de\/shop\/product-review\/seagate-ironwolf-4tb-bewertung\/\" rel=\"bookmark\">IronWolf 4TB<\/a><\/h2><div class=\"entry-excerpt\"><p>Die Seagate IronWolf 4TB interne Festplatte ist eine herausragende Wahl f\u00fcr NAS-Systeme\u2026<\/p>\n<\/div><ul class=\"entry-meta\" data-type=\"simple:slash\" data-id=\"tDiY8x\" ><li class=\"meta-categories\" data-type=\"simple\"><a href=\"https:\/\/sh-tv-channel.de\/shop\/product-review-category\/harddrives\/\" rel=\"tag\" class=\"ct-term-31\">Harddrives<\/a>, <a href=\"https:\/\/sh-tv-channel.de\/shop\/product-review-category\/tech\/\" rel=\"tag\" class=\"ct-term-28\">Tech<\/a><\/li><li class=\"meta-date\" itemprop=\"datePublished\"><time class=\"ct-meta-element-date\" datetime=\"2025-03-21T19:13:58+01:00\">21. M\u00e4rz 2025<\/time><\/li><\/ul><\/article><article class=\"entry-card card-content post-610 blc-product-review type-blc-product-review status-publish has-post-thumbnail hentry blc-product-review-categories-cameras blc-product-review-categories-tech\" data-reveal=\"bottom:no\"><a class=\"ct-media-container boundless-image\" href=\"https:\/\/sh-tv-channel.de\/shop\/product-review\/ckokc-kabelloses-lavalier-mikrofon\/\" aria-label=\"CKOKC Kabelloses Lavalier Mikrofon\"><img loading=\"lazy\" decoding=\"async\" width=\"768\" height=\"773\" src=\"https:\/\/sh-tv-channel.de\/shop\/wp-content\/uploads\/sites\/3\/2025\/03\/lavelier-ckokc-768x773.jpg\" class=\"attachment-medium_large size-medium_large wp-post-image\" alt=\"lavelier kokc microfon\" loading=\"lazy\" srcset=\"https:\/\/sh-tv-channel.de\/shop\/wp-content\/uploads\/sites\/3\/2025\/03\/lavelier-ckokc-768x773.jpg 768w, https:\/\/sh-tv-channel.de\/shop\/wp-content\/uploads\/sites\/3\/2025\/03\/lavelier-ckokc-298x300.jpg 298w, https:\/\/sh-tv-channel.de\/shop\/wp-content\/uploads\/sites\/3\/2025\/03\/lavelier-ckokc-1017x1024.jpg 1017w, https:\/\/sh-tv-channel.de\/shop\/wp-content\/uploads\/sites\/3\/2025\/03\/lavelier-ckokc-150x150.jpg 150w, https:\/\/sh-tv-channel.de\/shop\/wp-content\/uploads\/sites\/3\/2025\/03\/lavelier-ckokc.jpg 1490w\" sizes=\"auto, (max-width: 768px) 100vw, 768px\" itemprop=\"image\" style=\"aspect-ratio: 1\/1;\" \/><\/a><div class=\"ct-overall-score-layer\"><span class=\"ct-score-label\">Bewertung: <\/span><span class=\"ct-average-score\">4.9\/5<\/span><div class=\"star-rating\" role=\"img\"><span style=\"width: 98%;\"><\/span><\/div><\/div><h2 class=\"entry-title\"><a href=\"https:\/\/sh-tv-channel.de\/shop\/product-review\/ckokc-kabelloses-lavalier-mikrofon\/\" rel=\"bookmark\">CKOKC Kabelloses Lavalier Mikrofon<\/a><\/h2><div class=\"entry-excerpt\"><p>CKOKC Kabelloses Lavalier Mikrofon \u2013 Die perfekte Wahl f\u00fcr Content Creator Einleitung\u2026<\/p>\n<\/div><ul class=\"entry-meta\" data-type=\"simple:slash\" data-id=\"tDiY8x\" ><li class=\"meta-categories\" data-type=\"simple\"><a href=\"https:\/\/sh-tv-channel.de\/shop\/product-review-category\/cameras\/\" rel=\"tag\" class=\"ct-term-22\">Cameras<\/a>, <a href=\"https:\/\/sh-tv-channel.de\/shop\/product-review-category\/tech\/\" rel=\"tag\" class=\"ct-term-28\">Tech<\/a><\/li><li class=\"meta-date\" itemprop=\"datePublished\"><time class=\"ct-meta-element-date\" datetime=\"2025-03-06T19:02:11+01:00\">6. M\u00e4rz 2025<\/time><\/li><\/ul><\/article><article class=\"entry-card card-content post-513 blc-product-review type-blc-product-review status-publish has-post-thumbnail hentry blc-product-review-categories-cameras blc-product-review-categories-tech\" data-reveal=\"bottom:no\"><a class=\"ct-media-container boundless-image\" href=\"https:\/\/sh-tv-channel.de\/shop\/product-review\/neewer-rp19h-ringlicht\/\" aria-label=\"NEEWER RP19H Ringlicht\"><img loading=\"lazy\" decoding=\"async\" width=\"768\" height=\"475\" src=\"https:\/\/sh-tv-channel.de\/shop\/wp-content\/uploads\/sites\/3\/2025\/03\/neewer-ring-leuchte-19-zoll-768x475.jpg\" class=\"attachment-medium_large size-medium_large wp-post-image\" alt=\"\" loading=\"lazy\" srcset=\"https:\/\/sh-tv-channel.de\/shop\/wp-content\/uploads\/sites\/3\/2025\/03\/neewer-ring-leuchte-19-zoll-768x475.jpg 768w, https:\/\/sh-tv-channel.de\/shop\/wp-content\/uploads\/sites\/3\/2025\/03\/neewer-ring-leuchte-19-zoll-300x186.jpg 300w, https:\/\/sh-tv-channel.de\/shop\/wp-content\/uploads\/sites\/3\/2025\/03\/neewer-ring-leuchte-19-zoll.jpg 970w\" sizes=\"auto, (max-width: 768px) 100vw, 768px\" itemprop=\"image\" style=\"aspect-ratio: 1\/1;\" \/><\/a><div class=\"ct-overall-score-layer\"><span class=\"ct-score-label\">Bewertung: <\/span><span class=\"ct-average-score\">4.5\/5<\/span><div class=\"star-rating\" role=\"img\"><span style=\"width: 90%;\"><\/span><\/div><\/div><h2 class=\"entry-title\"><a href=\"https:\/\/sh-tv-channel.de\/shop\/product-review\/neewer-rp19h-ringlicht\/\" rel=\"bookmark\">NEEWER RP19H Ringlicht<\/a><\/h2><div class=\"entry-excerpt\"><p>Ein gutes Ringlicht ist f\u00fcr Content Creator, Fotografen und Videografen unerl\u00e4sslich. Das NEEWER RP19H Ringlicht bietet eine starke Beleuchtung, hohe Flexibilit\u00e4t und zahlreiche Funktionen, die professionelle Ergebnisse garantieren.<\/p>\n<\/div><ul class=\"entry-meta\" data-type=\"simple:slash\" data-id=\"tDiY8x\" ><li class=\"meta-categories\" data-type=\"simple\"><a href=\"https:\/\/sh-tv-channel.de\/shop\/product-review-category\/cameras\/\" rel=\"tag\" class=\"ct-term-22\">Cameras<\/a>, <a href=\"https:\/\/sh-tv-channel.de\/shop\/product-review-category\/tech\/\" rel=\"tag\" class=\"ct-term-28\">Tech<\/a><\/li><li class=\"meta-date\" itemprop=\"datePublished\"><time class=\"ct-meta-element-date\" datetime=\"2025-03-01T15:29:04+01:00\">1. M\u00e4rz 2025<\/time><\/li><\/ul><\/article><article class=\"entry-card card-content post-476 blc-product-review type-blc-product-review status-publish hentry blc-product-review-categories-kleidung\" data-reveal=\"bottom:no\"><h2 class=\"entry-title\"><a href=\"https:\/\/sh-tv-channel.de\/shop\/product-review\/putuo-flip-flop-tabi-socken\/\" rel=\"bookmark\">PUTUO Flip Flop Tabi Socken<\/a><\/h2><div class=\"entry-excerpt\"><p>Die PUTUO Flip Flop Tabi Socken f\u00fcr Herren kombinieren traditionelles japanisches Design\u2026<\/p>\n<\/div><ul class=\"entry-meta\" data-type=\"simple:slash\" data-id=\"tDiY8x\" ><li class=\"meta-categories\" data-type=\"simple\"><a href=\"https:\/\/sh-tv-channel.de\/shop\/product-review-category\/kleidung\/\" rel=\"tag\" class=\"ct-term-30\">Kleidung<\/a><\/li><li class=\"meta-date\" itemprop=\"datePublished\"><time class=\"ct-meta-element-date\" datetime=\"2025-02-24T15:43:33+01:00\">24. Februar 2025<\/time><\/li><li class=\"meta-comments\"><a href=\"https:\/\/sh-tv-channel.de\/shop\/product-review\/putuo-flip-flop-tabi-socken\/#comments\">Ein Kommentar<\/a><\/li><\/ul><\/article><\/div><\/div>\n\n\n\n<div class=\"wp-block-stackable-spacer stk-block-spacer stk--no-padding stk-block stk-ljze7nq\" data-block-id=\"ljze7nq\"><style>.stk-ljze7nq {height:50px !important;}<\/style><\/div>\n\n\n\n<p><\/p>\n","protected":false},"excerpt":{"rendered":"<p>S&amp;H TV Channel Produkte (Partner im Amazon Partner NET) Wer sind wir Nun auf dieser Ebene sind wir eine Seite die verschiedene Produkte teste und dann zum Kauf empfiehlt. Ja. Jetzt werdet ihr fragen zu wem wir euch schicken. Nun die Frage ist berechtigt und in unserem Fall recht einfach beantwortet. Da wir im Amazon [&hellip;]<\/p>\n","protected":false},"author":1,"featured_media":6,"parent":0,"menu_order":0,"comment_status":"closed","ping_status":"closed","template":"","meta":{"footnotes":""},"class_list":["post-418","page","type-page","status-publish","has-post-thumbnail","hentry"],"blocksy_meta":{"styles_descriptor":{"styles":{"desktop":"","tablet":"","mobile":""},"google_fonts":[],"version":6}},"yoast_head":"<!-- This site is optimized with the Yoast SEO plugin v27.3 - https:\/\/yoast.com\/product\/yoast-seo-wordpress\/ -->\n<title>Home - Produkte<\/title>\n<meta name=\"description\" content=\"Das ist die Startseite des Shop Bereichs unseres Kanals. Hier erscheinen Produkt Reviews und Empfehlungen sowie Technische Blog Beitr\u00e4ge\" \/>\n<meta name=\"robots\" content=\"index, follow, max-snippet:-1, max-image-preview:large, max-video-preview:-1\" \/>\n<link rel=\"canonical\" href=\"http:\/\/sh-tv-channel.de\/shop\/\" \/>\n<meta property=\"og:locale\" content=\"de_DE\" \/>\n<meta property=\"og:type\" content=\"article\" \/>\n<meta property=\"og:title\" content=\"Home - Produkte\" \/>\n<meta property=\"og:description\" content=\"Das ist die Startseite des Shop Bereichs unseres Kanals. Hier erscheinen Produkt Reviews und Empfehlungen sowie Technische Blog Beitr\u00e4ge\" \/>\n<meta property=\"og:url\" content=\"http:\/\/sh-tv-channel.de\/shop\/\" \/>\n<meta property=\"og:site_name\" content=\"Produkte\" \/>\n<meta property=\"article:modified_time\" content=\"2025-04-26T18:48:56+00:00\" \/>\n<meta property=\"og:image\" content=\"http:\/\/sh-tv-channel.de\/shop\/wp-content\/uploads\/sites\/3\/2022\/03\/reviews-hero-scaled-1.jpg\" \/>\n\t<meta property=\"og:image:width\" content=\"2560\" \/>\n\t<meta property=\"og:image:height\" content=\"828\" \/>\n\t<meta property=\"og:image:type\" content=\"image\/jpeg\" \/>\n<meta name=\"twitter:card\" content=\"summary_large_image\" \/>\n<meta name=\"twitter:label1\" content=\"Gesch\u00e4tzte Lesezeit\" \/>\n\t<meta name=\"twitter:data1\" content=\"2\u00a0Minuten\" \/>\n<script type=\"application\/ld+json\" class=\"yoast-schema-graph\">{\"@context\":\"https:\\\/\\\/schema.org\",\"@graph\":[{\"@type\":\"WebPage\",\"@id\":\"http:\\\/\\\/sh-tv-channel.de\\\/shop\\\/\",\"url\":\"http:\\\/\\\/sh-tv-channel.de\\\/shop\\\/\",\"name\":\"Home - Produkte\",\"isPartOf\":{\"@id\":\"http:\\\/\\\/sh-tv-channel.de\\\/shop\\\/#website\"},\"primaryImageOfPage\":{\"@id\":\"http:\\\/\\\/sh-tv-channel.de\\\/shop\\\/#primaryimage\"},\"image\":{\"@id\":\"http:\\\/\\\/sh-tv-channel.de\\\/shop\\\/#primaryimage\"},\"thumbnailUrl\":\"https:\\\/\\\/sh-tv-channel.de\\\/shop\\\/wp-content\\\/uploads\\\/sites\\\/3\\\/2022\\\/03\\\/reviews-hero-scaled-1.jpg\",\"datePublished\":\"2022-03-25T14:55:42+00:00\",\"dateModified\":\"2025-04-26T18:48:56+00:00\",\"description\":\"Das ist die Startseite des Shop Bereichs unseres Kanals. Hier erscheinen Produkt Reviews und Empfehlungen sowie Technische Blog Beitr\u00e4ge\",\"breadcrumb\":{\"@id\":\"http:\\\/\\\/sh-tv-channel.de\\\/shop\\\/#breadcrumb\"},\"inLanguage\":\"de\",\"potentialAction\":[{\"@type\":\"ReadAction\",\"target\":[\"http:\\\/\\\/sh-tv-channel.de\\\/shop\\\/\"]}]},{\"@type\":\"ImageObject\",\"inLanguage\":\"de\",\"@id\":\"http:\\\/\\\/sh-tv-channel.de\\\/shop\\\/#primaryimage\",\"url\":\"https:\\\/\\\/sh-tv-channel.de\\\/shop\\\/wp-content\\\/uploads\\\/sites\\\/3\\\/2022\\\/03\\\/reviews-hero-scaled-1.jpg\",\"contentUrl\":\"https:\\\/\\\/sh-tv-channel.de\\\/shop\\\/wp-content\\\/uploads\\\/sites\\\/3\\\/2022\\\/03\\\/reviews-hero-scaled-1.jpg\",\"width\":2560,\"height\":828},{\"@type\":\"BreadcrumbList\",\"@id\":\"http:\\\/\\\/sh-tv-channel.de\\\/shop\\\/#breadcrumb\",\"itemListElement\":[{\"@type\":\"ListItem\",\"position\":1,\"name\":\"Startseite\",\"item\":\"http:\\\/\\\/sh-tv-channel.de\\\/shop\\\/\"},{\"@type\":\"ListItem\",\"position\":2,\"name\":\"Home\"}]},{\"@type\":\"WebSite\",\"@id\":\"http:\\\/\\\/sh-tv-channel.de\\\/shop\\\/#website\",\"url\":\"http:\\\/\\\/sh-tv-channel.de\\\/shop\\\/\",\"name\":\"Produkte\",\"description\":\"Produkte \\\/ Reviews\\\/ Technik\",\"publisher\":{\"@id\":\"http:\\\/\\\/sh-tv-channel.de\\\/shop\\\/#organization\"},\"potentialAction\":[{\"@type\":\"SearchAction\",\"target\":{\"@type\":\"EntryPoint\",\"urlTemplate\":\"http:\\\/\\\/sh-tv-channel.de\\\/shop\\\/?s={search_term_string}\"},\"query-input\":{\"@type\":\"PropertyValueSpecification\",\"valueRequired\":true,\"valueName\":\"search_term_string\"}}],\"inLanguage\":\"de\"},{\"@type\":\"Organization\",\"@id\":\"http:\\\/\\\/sh-tv-channel.de\\\/shop\\\/#organization\",\"name\":\"Produkte\",\"url\":\"http:\\\/\\\/sh-tv-channel.de\\\/shop\\\/\",\"logo\":{\"@type\":\"ImageObject\",\"inLanguage\":\"de\",\"@id\":\"http:\\\/\\\/sh-tv-channel.de\\\/shop\\\/#\\\/schema\\\/logo\\\/image\\\/\",\"url\":\"https:\\\/\\\/sh-tv-channel.de\\\/shop\\\/wp-content\\\/uploads\\\/sites\\\/3\\\/2025\\\/02\\\/Logo-SH-TV-Channel.png\",\"contentUrl\":\"https:\\\/\\\/sh-tv-channel.de\\\/shop\\\/wp-content\\\/uploads\\\/sites\\\/3\\\/2025\\\/02\\\/Logo-SH-TV-Channel.png\",\"width\":500,\"height\":500,\"caption\":\"Produkte\"},\"image\":{\"@id\":\"http:\\\/\\\/sh-tv-channel.de\\\/shop\\\/#\\\/schema\\\/logo\\\/image\\\/\"}}]}<\/script>\n<!-- \/ Yoast SEO plugin. -->","yoast_head_json":{"title":"Home - Produkte","description":"Das ist die Startseite des Shop Bereichs unseres Kanals. Hier erscheinen Produkt Reviews und Empfehlungen sowie Technische Blog Beitr\u00e4ge","robots":{"index":"index","follow":"follow","max-snippet":"max-snippet:-1","max-image-preview":"max-image-preview:large","max-video-preview":"max-video-preview:-1"},"canonical":"http:\/\/sh-tv-channel.de\/shop\/","og_locale":"de_DE","og_type":"article","og_title":"Home - Produkte","og_description":"Das ist die Startseite des Shop Bereichs unseres Kanals. Hier erscheinen Produkt Reviews und Empfehlungen sowie Technische Blog Beitr\u00e4ge","og_url":"http:\/\/sh-tv-channel.de\/shop\/","og_site_name":"Produkte","article_modified_time":"2025-04-26T18:48:56+00:00","og_image":[{"width":2560,"height":828,"url":"http:\/\/sh-tv-channel.de\/shop\/wp-content\/uploads\/sites\/3\/2022\/03\/reviews-hero-scaled-1.jpg","type":"image\/jpeg"}],"twitter_card":"summary_large_image","twitter_misc":{"Gesch\u00e4tzte Lesezeit":"2\u00a0Minuten"},"schema":{"@context":"https:\/\/schema.org","@graph":[{"@type":"WebPage","@id":"http:\/\/sh-tv-channel.de\/shop\/","url":"http:\/\/sh-tv-channel.de\/shop\/","name":"Home - Produkte","isPartOf":{"@id":"http:\/\/sh-tv-channel.de\/shop\/#website"},"primaryImageOfPage":{"@id":"http:\/\/sh-tv-channel.de\/shop\/#primaryimage"},"image":{"@id":"http:\/\/sh-tv-channel.de\/shop\/#primaryimage"},"thumbnailUrl":"https:\/\/sh-tv-channel.de\/shop\/wp-content\/uploads\/sites\/3\/2022\/03\/reviews-hero-scaled-1.jpg","datePublished":"2022-03-25T14:55:42+00:00","dateModified":"2025-04-26T18:48:56+00:00","description":"Das ist die Startseite des Shop Bereichs unseres Kanals. Hier erscheinen Produkt Reviews und Empfehlungen sowie Technische Blog Beitr\u00e4ge","breadcrumb":{"@id":"http:\/\/sh-tv-channel.de\/shop\/#breadcrumb"},"inLanguage":"de","potentialAction":[{"@type":"ReadAction","target":["http:\/\/sh-tv-channel.de\/shop\/"]}]},{"@type":"ImageObject","inLanguage":"de","@id":"http:\/\/sh-tv-channel.de\/shop\/#primaryimage","url":"https:\/\/sh-tv-channel.de\/shop\/wp-content\/uploads\/sites\/3\/2022\/03\/reviews-hero-scaled-1.jpg","contentUrl":"https:\/\/sh-tv-channel.de\/shop\/wp-content\/uploads\/sites\/3\/2022\/03\/reviews-hero-scaled-1.jpg","width":2560,"height":828},{"@type":"BreadcrumbList","@id":"http:\/\/sh-tv-channel.de\/shop\/#breadcrumb","itemListElement":[{"@type":"ListItem","position":1,"name":"Startseite","item":"http:\/\/sh-tv-channel.de\/shop\/"},{"@type":"ListItem","position":2,"name":"Home"}]},{"@type":"WebSite","@id":"http:\/\/sh-tv-channel.de\/shop\/#website","url":"http:\/\/sh-tv-channel.de\/shop\/","name":"Produkte","description":"Produkte \/ Reviews\/ Technik","publisher":{"@id":"http:\/\/sh-tv-channel.de\/shop\/#organization"},"potentialAction":[{"@type":"SearchAction","target":{"@type":"EntryPoint","urlTemplate":"http:\/\/sh-tv-channel.de\/shop\/?s={search_term_string}"},"query-input":{"@type":"PropertyValueSpecification","valueRequired":true,"valueName":"search_term_string"}}],"inLanguage":"de"},{"@type":"Organization","@id":"http:\/\/sh-tv-channel.de\/shop\/#organization","name":"Produkte","url":"http:\/\/sh-tv-channel.de\/shop\/","logo":{"@type":"ImageObject","inLanguage":"de","@id":"http:\/\/sh-tv-channel.de\/shop\/#\/schema\/logo\/image\/","url":"https:\/\/sh-tv-channel.de\/shop\/wp-content\/uploads\/sites\/3\/2025\/02\/Logo-SH-TV-Channel.png","contentUrl":"https:\/\/sh-tv-channel.de\/shop\/wp-content\/uploads\/sites\/3\/2025\/02\/Logo-SH-TV-Channel.png","width":500,"height":500,"caption":"Produkte"},"image":{"@id":"http:\/\/sh-tv-channel.de\/shop\/#\/schema\/logo\/image\/"}}]}},"_links":{"self":[{"href":"https:\/\/sh-tv-channel.de\/shop\/wp-json\/wp\/v2\/pages\/418","targetHints":{"allow":["GET"]}}],"collection":[{"href":"https:\/\/sh-tv-channel.de\/shop\/wp-json\/wp\/v2\/pages"}],"about":[{"href":"https:\/\/sh-tv-channel.de\/shop\/wp-json\/wp\/v2\/types\/page"}],"author":[{"embeddable":true,"href":"https:\/\/sh-tv-channel.de\/shop\/wp-json\/wp\/v2\/users\/1"}],"replies":[{"embeddable":true,"href":"https:\/\/sh-tv-channel.de\/shop\/wp-json\/wp\/v2\/comments?post=418"}],"version-history":[{"count":35,"href":"https:\/\/sh-tv-channel.de\/shop\/wp-json\/wp\/v2\/pages\/418\/revisions"}],"predecessor-version":[{"id":725,"href":"https:\/\/sh-tv-channel.de\/shop\/wp-json\/wp\/v2\/pages\/418\/revisions\/725"}],"wp:featuredmedia":[{"embeddable":true,"href":"https:\/\/sh-tv-channel.de\/shop\/wp-json\/wp\/v2\/media\/6"}],"wp:attachment":[{"href":"https:\/\/sh-tv-channel.de\/shop\/wp-json\/wp\/v2\/media?parent=418"}],"curies":[{"name":"wp","href":"https:\/\/api.w.org\/{rel}","templated":true}]}}